{"id":2,"date":"2015-02-11T11:41:25","date_gmt":"2015-02-11T11:41:25","guid":{"rendered":"https:\/\/bmwdealer.bmw.intesys.it\/?page_id=2"},"modified":"2022-09-01T13:01:04","modified_gmt":"2022-09-01T11:01:04","slug":"pagina-di-esempio","status":"publish","type":"page","link":"https:\/\/bmwdealer.bmw.intesys.it\/offertedilavoro\/","title":{"rendered":"Benvenuti nel portale lavoro BMW."},"content":{"rendered":"<p>Questo e\u0300 il portale dedicato alle <strong>offerte di lavoro della rete BMW<\/strong>. Se il tuo obiettivo e\u0300 la crescita professionale all\u2019interno di un\u2019azienda che possa riconoscere e premiare il tuo talento, sei nel posto giusto.<\/p>\n<p><strong>Dal 1916, guidati dalla passione<\/strong><\/p>\n<p>La passione per qualsiasi tipo di motore ci tiene accesi dal 1916. Da allora, BMW non ha mai smesso di innovarsi, accogliendo il brand MINI e posizionandosi come marchio Premium nel cuore di coloro che riconoscono il nostro prestigio, dato dall\u2019attenzione alla qualit\u00e0, ai dettagli e all\u2019evoluzione tecnologica diretta verso la sostenibilit\u00e0.<\/p>\n<p><strong>Il fascino delle auto e delle moto BMW<\/strong><\/p>\n<p>Il fascino dei nostri prodotti \u00e8 frutto di un pensiero che guarda sempre al futuro, alle tecnologie di ultima generazione, senza perdere mai quell\u2019aspetto pi\u00f9 intimo legato all\u2019istante in cui ogni nostro cliente vive il piacere di guidare.<\/p>\n<p><strong>Un posto speciale per chi ama la tecnologia BMW <\/strong><\/p>\n<p>L\u2019officina \u00e8 dove tutto prende forma, o la ritrova. Qui tutto \u00e8 al suo posto e nulla viene tralasciato. \u00c8 il luogo sicuro in cui agire e lavorare in modo sostenibile, con l\u2019attenzione rivolta alla sicurezza delle nostre persone, al prodotto ma anche all\u2019ambiente. Le nostre officine sono ricche di strumenti professionali e sistemi di diagnosi al servizio di professionisti appassionati, guidati da obiettivi condivisi con cui alzare sempre di pi\u00f9 l\u2019asticella della qualit\u00e0 del servizio.<\/p>\n<p><strong>Siamo fatti cos\u00ec<\/strong><\/p>\n<p>Essere parte di BMW significa sposare un comportamento: per noi, le auto e le moto dei nostri clienti sono le nostre, trattiamo ogni bisogno come se ci riguardasse in prima persona. L\u2019obiettivo \u00e8 quello di instaurare un <strong>legame di fiducia<\/strong> con cui superare e <strong>risolvere ogni problema<\/strong>. Ispirati dal concetto di trasparenza e stabilit\u00e0, vogliamo essere il punto di riferimento per i nostri clienti.<\/p>\n<p><strong>La crescita che ci fa eccellere<\/strong><\/p>\n<p>La crescita di ciascuno di noi passa attraverso la <strong>formazione on line<\/strong> e nel nostro <strong>Training Centre<\/strong>. Impariamo sporcandoci le mani, confrontandoci direttamente, supportandoci l\u2019un l\u2019altro e acquisiamo competenze in ambiti sempre pi\u00f9 diversificati, dalla meccanica all\u2019elettronica. Chi entra nel BMW Group trova mentori e punti di riferimento ad ogni livello, con la certezza di avere il supporto continuo dalla casa madre.<\/p>\n<p>Tutto questo \u00e8 il vero motore di BMW: tienilo acceso con noi!<br \/>\nUnisciti alla nostra squadra ed entra a far parte della <strong>rete di Concessionarie<\/strong> e <strong>Officine Autorizzate<\/strong> che condivide con noi visione e valori.<\/p>\n<h4><u>Consulta le offerte di lavoro BMW e scopri i vantaggi di lavorare con noi.<\/u><\/h4>\n<p>&nbsp;<\/p>\n<p style=\"text-align: left;\">\n","protected":false},"excerpt":{"rendered":"<p>Questo e\u0300 il portale dedicato alle offerte di lavoro della rete BMW. Se il tuo obiettivo e\u0300 la crescita professionale all\u2019interno di un\u2019azienda che possa riconoscere e premiare il tuo talento, sei nel posto giusto. Dal 1916, guidati dalla passione La passione per qualsiasi tipo di motore ci tiene accesi dal 1916. Da allora, BMW&hellip;<\/p>\n","protected":false},"author":1,"featured_media":1400,"parent":0,"menu_order":0,"comment_status":"open","ping_status":"open","template":"templates\/home.php","meta":{"_acf_changed":false,"footnotes":""},"class_list":["post-2","page","type-page","status-publish","has-post-thumbnail","hentry"],"acf":[],"yoast_head":"<!-- This site is optimized with the Yoast SEO plugin v27.0 - https:\/\/yoast.com\/product\/yoast-seo-wordpress\/ -->\n<title>Portale Lavoro Rete BMW<\/title>\n<meta name=\"description\" content=\"Il Portale BMW Dealer \u00e8 dedicato alle offerte di lavoro all\u2019interno delle Concessionarie ed Officine autorizzate BMW. Trova le opportunit\u00e0 di lavoro negli Organizzati BMW.\" \/>\n<meta name=\"robots\" content=\"index, follow, max-snippet:-1, max-image-preview:large, max-video-preview:-1\" \/>\n<link rel=\"canonical\" href=\"https:\/\/bmwdealer.bmw.intesys.it\/offertedilavoro\/\" \/>\n<meta property=\"og:locale\" content=\"it_IT\" \/>\n<meta property=\"og:type\" content=\"article\" \/>\n<meta property=\"og:title\" content=\"Portale Lavoro Rete BMW\" \/>\n<meta property=\"og:description\" content=\"Il Portale BMW Dealer \u00e8 dedicato alle offerte di lavoro all\u2019interno delle Concessionarie ed Officine autorizzate BMW. Trova le opportunit\u00e0 di lavoro negli Organizzati BMW.\" \/>\n<meta property=\"og:url\" content=\"https:\/\/bmwdealer.bmw.intesys.it\/offertedilavoro\/\" \/>\n<meta property=\"og:site_name\" content=\"Lavorare nella Rete BMW\" \/>\n<meta property=\"article:modified_time\" content=\"2022-09-01T11:01:04+00:00\" \/>\n<meta property=\"og:image\" content=\"https:\/\/bmwdealer.bmw.intesys.it\/wp-content\/uploads\/2019\/12\/BMW_teaser-18.jpg\" \/>\n\t<meta property=\"og:image:width\" content=\"890\" \/>\n\t<meta property=\"og:image:height\" content=\"500\" \/>\n\t<meta property=\"og:image:type\" content=\"image\/jpeg\" \/>\n<meta name=\"twitter:card\" content=\"summary_large_image\" \/>\n<meta name=\"twitter:label1\" content=\"Tempo di lettura stimato\" \/>\n\t<meta name=\"twitter:data1\" content=\"3 minuti\" \/>\n<script type=\"application\/ld+json\" class=\"yoast-schema-graph\">{\"@context\":\"https:\/\/schema.org\",\"@graph\":[{\"@type\":\"WebPage\",\"@id\":\"https:\/\/bmwdealer.bmw.intesys.it\/offertedilavoro\/\",\"url\":\"https:\/\/bmwdealer.bmw.intesys.it\/offertedilavoro\/\",\"name\":\"Portale Lavoro Rete BMW\",\"isPartOf\":{\"@id\":\"https:\/\/bmwdealer.bmw.intesys.it\/offertedilavoro\/#website\"},\"primaryImageOfPage\":{\"@id\":\"https:\/\/bmwdealer.bmw.intesys.it\/offertedilavoro\/#primaryimage\"},\"image\":{\"@id\":\"https:\/\/bmwdealer.bmw.intesys.it\/offertedilavoro\/#primaryimage\"},\"thumbnailUrl\":\"https:\/\/bmwdealer.bmw.intesys.it\/wp-content\/uploads\/2019\/12\/BMW_teaser-18.jpg\",\"datePublished\":\"2015-02-11T11:41:25+00:00\",\"dateModified\":\"2022-09-01T11:01:04+00:00\",\"description\":\"Il Portale BMW Dealer \u00e8 dedicato alle offerte di lavoro all\u2019interno delle Concessionarie ed Officine autorizzate BMW. Trova le opportunit\u00e0 di lavoro negli Organizzati BMW.\",\"breadcrumb\":{\"@id\":\"https:\/\/bmwdealer.bmw.intesys.it\/offertedilavoro\/#breadcrumb\"},\"inLanguage\":\"it-IT\",\"potentialAction\":[{\"@type\":\"ReadAction\",\"target\":[\"https:\/\/bmwdealer.bmw.intesys.it\/offertedilavoro\/\"]}]},{\"@type\":\"ImageObject\",\"inLanguage\":\"it-IT\",\"@id\":\"https:\/\/bmwdealer.bmw.intesys.it\/offertedilavoro\/#primaryimage\",\"url\":\"https:\/\/bmwdealer.bmw.intesys.it\/wp-content\/uploads\/2019\/12\/BMW_teaser-18.jpg\",\"contentUrl\":\"https:\/\/bmwdealer.bmw.intesys.it\/wp-content\/uploads\/2019\/12\/BMW_teaser-18.jpg\",\"width\":890,\"height\":500},{\"@type\":\"BreadcrumbList\",\"@id\":\"https:\/\/bmwdealer.bmw.intesys.it\/offertedilavoro\/#breadcrumb\",\"itemListElement\":[{\"@type\":\"ListItem\",\"position\":1,\"name\":\"Home\",\"item\":\"https:\/\/bmwdealer.bmw.intesys.it\/offertedilavoro\/\"},{\"@type\":\"ListItem\",\"position\":2,\"name\":\"Benvenuti nel portale lavoro BMW.\"}]},{\"@type\":\"WebSite\",\"@id\":\"https:\/\/bmwdealer.bmw.intesys.it\/offertedilavoro\/#website\",\"url\":\"https:\/\/bmwdealer.bmw.intesys.it\/offertedilavoro\/\",\"name\":\"Lavorare nella Rete BMW\",\"description\":\"\",\"potentialAction\":[{\"@type\":\"SearchAction\",\"target\":{\"@type\":\"EntryPoint\",\"urlTemplate\":\"https:\/\/bmwdealer.bmw.intesys.it\/offertedilavoro\/?s={search_term_string}\"},\"query-input\":{\"@type\":\"PropertyValueSpecification\",\"valueRequired\":true,\"valueName\":\"search_term_string\"}}],\"inLanguage\":\"it-IT\"}]}<\/script>\n<!-- \/ Yoast SEO plugin. -->","yoast_head_json":{"title":"Portale Lavoro Rete BMW","description":"Il Portale BMW Dealer \u00e8 dedicato alle offerte di lavoro all\u2019interno delle Concessionarie ed Officine autorizzate BMW. Trova le opportunit\u00e0 di lavoro negli Organizzati BMW.","robots":{"index":"index","follow":"follow","max-snippet":"max-snippet:-1","max-image-preview":"max-image-preview:large","max-video-preview":"max-video-preview:-1"},"canonical":"https:\/\/bmwdealer.bmw.intesys.it\/offertedilavoro\/","og_locale":"it_IT","og_type":"article","og_title":"Portale Lavoro Rete BMW","og_description":"Il Portale BMW Dealer \u00e8 dedicato alle offerte di lavoro all\u2019interno delle Concessionarie ed Officine autorizzate BMW. Trova le opportunit\u00e0 di lavoro negli Organizzati BMW.","og_url":"https:\/\/bmwdealer.bmw.intesys.it\/offertedilavoro\/","og_site_name":"Lavorare nella Rete BMW","article_modified_time":"2022-09-01T11:01:04+00:00","og_image":[{"width":890,"height":500,"url":"https:\/\/bmwdealer.bmw.intesys.it\/wp-content\/uploads\/2019\/12\/BMW_teaser-18.jpg","type":"image\/jpeg"}],"twitter_card":"summary_large_image","twitter_misc":{"Tempo di lettura stimato":"3 minuti"},"schema":{"@context":"https:\/\/schema.org","@graph":[{"@type":"WebPage","@id":"https:\/\/bmwdealer.bmw.intesys.it\/offertedilavoro\/","url":"https:\/\/bmwdealer.bmw.intesys.it\/offertedilavoro\/","name":"Portale Lavoro Rete BMW","isPartOf":{"@id":"https:\/\/bmwdealer.bmw.intesys.it\/offertedilavoro\/#website"},"primaryImageOfPage":{"@id":"https:\/\/bmwdealer.bmw.intesys.it\/offertedilavoro\/#primaryimage"},"image":{"@id":"https:\/\/bmwdealer.bmw.intesys.it\/offertedilavoro\/#primaryimage"},"thumbnailUrl":"https:\/\/bmwdealer.bmw.intesys.it\/wp-content\/uploads\/2019\/12\/BMW_teaser-18.jpg","datePublished":"2015-02-11T11:41:25+00:00","dateModified":"2022-09-01T11:01:04+00:00","description":"Il Portale BMW Dealer \u00e8 dedicato alle offerte di lavoro all\u2019interno delle Concessionarie ed Officine autorizzate BMW. Trova le opportunit\u00e0 di lavoro negli Organizzati BMW.","breadcrumb":{"@id":"https:\/\/bmwdealer.bmw.intesys.it\/offertedilavoro\/#breadcrumb"},"inLanguage":"it-IT","potentialAction":[{"@type":"ReadAction","target":["https:\/\/bmwdealer.bmw.intesys.it\/offertedilavoro\/"]}]},{"@type":"ImageObject","inLanguage":"it-IT","@id":"https:\/\/bmwdealer.bmw.intesys.it\/offertedilavoro\/#primaryimage","url":"https:\/\/bmwdealer.bmw.intesys.it\/wp-content\/uploads\/2019\/12\/BMW_teaser-18.jpg","contentUrl":"https:\/\/bmwdealer.bmw.intesys.it\/wp-content\/uploads\/2019\/12\/BMW_teaser-18.jpg","width":890,"height":500},{"@type":"BreadcrumbList","@id":"https:\/\/bmwdealer.bmw.intesys.it\/offertedilavoro\/#breadcrumb","itemListElement":[{"@type":"ListItem","position":1,"name":"Home","item":"https:\/\/bmwdealer.bmw.intesys.it\/offertedilavoro\/"},{"@type":"ListItem","position":2,"name":"Benvenuti nel portale lavoro BMW."}]},{"@type":"WebSite","@id":"https:\/\/bmwdealer.bmw.intesys.it\/offertedilavoro\/#website","url":"https:\/\/bmwdealer.bmw.intesys.it\/offertedilavoro\/","name":"Lavorare nella Rete BMW","description":"","potentialAction":[{"@type":"SearchAction","target":{"@type":"EntryPoint","urlTemplate":"https:\/\/bmwdealer.bmw.intesys.it\/offertedilavoro\/?s={search_term_string}"},"query-input":{"@type":"PropertyValueSpecification","valueRequired":true,"valueName":"search_term_string"}}],"inLanguage":"it-IT"}]}},"_links":{"self":[{"href":"https:\/\/bmwdealer.bmw.intesys.it\/offertedilavoro\/wp-json\/wp\/v2\/pages\/2","targetHints":{"allow":["GET"]}}],"collection":[{"href":"https:\/\/bmwdealer.bmw.intesys.it\/offertedilavoro\/wp-json\/wp\/v2\/pages"}],"about":[{"href":"https:\/\/bmwdealer.bmw.intesys.it\/offertedilavoro\/wp-json\/wp\/v2\/types\/page"}],"author":[{"embeddable":true,"href":"https:\/\/bmwdealer.bmw.intesys.it\/offertedilavoro\/wp-json\/wp\/v2\/users\/1"}],"replies":[{"embeddable":true,"href":"https:\/\/bmwdealer.bmw.intesys.it\/offertedilavoro\/wp-json\/wp\/v2\/comments?post=2"}],"version-history":[{"count":6,"href":"https:\/\/bmwdealer.bmw.intesys.it\/offertedilavoro\/wp-json\/wp\/v2\/pages\/2\/revisions"}],"predecessor-version":[{"id":1025,"href":"https:\/\/bmwdealer.bmw.intesys.it\/offertedilavoro\/wp-json\/wp\/v2\/pages\/2\/revisions\/1025"}],"wp:featuredmedia":[{"embeddable":true,"href":"https:\/\/bmwdealer.bmw.intesys.it\/offertedilavoro\/wp-json\/wp\/v2\/media\/1400"}],"wp:attachment":[{"href":"https:\/\/bmwdealer.bmw.intesys.it\/offertedilavoro\/wp-json\/wp\/v2\/media?parent=2"}],"curies":[{"name":"wp","href":"https:\/\/api.w.org\/{rel}","templated":true}]}}